{"id":6318,"date":"2021-12-21T12:21:25","date_gmt":"2021-12-21T12:21:25","guid":{"rendered":"https:\/\/dazniokeitiklis.lt\/produktas\/daznio-keitiklis-ode-3-220105-1f42-01\/"},"modified":"2024-11-09T17:19:06","modified_gmt":"2024-11-09T17:19:06","slug":"daznio-keitiklis-ode-3-220105-1f42-01","status":"publish","type":"product","link":"https:\/\/dazniokeitiklis.lt\/en\/daznio-keitiklis-ode-3-220105-1f42-01\/","title":{"rendered":"Da\u017enio keitiklis ODE-3-220105-1F42-01"},"content":{"rendered":"<p>ul><\/p>\n<li>Skirtas vienfaziams varikliams valdyti;<\/li>\n<li>Galingumas 1,1kW, srov\u0117 10,5A;<\/li>\n<li>Maitinimo \u012f\u0117jimo \u012ftampa 200..240V<\/li>\n<li>I\u0161\u0117jimo \u012ftampos da\u017enis 0&#8230;500Hz;<\/li>\n<li>Temperat\u016bros diapazonas -10&#8230;+50C\u00b0;<\/li>\n<li>PI reguliatorius;<\/li>\n<li>Perkrova iki 175%;<\/li>\n<li>\u201eMiego\u201c funkcija;<\/li>\n<li>1-as analoginis (0..10V arba 0(4)..20mA) ir 3 diskretiniai (\u201esausas kontaktas\u201c) \u012f\u0117jimai;<\/li>\n<li>1-as analoginis ir 1-as diskretinis i\u0161\u0117jimai;<\/li>\n<li>Integruotas valdymo pultas;<\/li>\n<li>Da\u017enis nustatomas vidiniu arba i\u0161oriniu potenciometru;<\/li>\n<li>RS-485 s\u0105saja;<\/li>\n<li>Integruotas Modbus;<\/li>\n<li>Integruotas RFI filtras (B klas\u0117s);<\/li>\n<li>Apsaugos klas\u0117 IP20.<\/li>\n<\/ul>\n","protected":false},"excerpt":{"rendered":"<ul>\n<li>For single-phase motor control;<\/li>\n<li>Power 1.1kW, current 10.5A<\/li>\n<\/ul>\n","protected":false},"featured_media":6063,"comment_status":"open","ping_status":"closed","template":"","meta":[],"product_cat":[444],"product_tag":[],"acf":[],"_links":{"self":[{"href":"https:\/\/dazniokeitiklis.lt\/en\/wp-json\/wp\/v2\/product\/6318"}],"collection":[{"href":"https:\/\/dazniokeitiklis.lt\/en\/wp-json\/wp\/v2\/product"}],"about":[{"href":"https:\/\/dazniokeitiklis.lt\/en\/wp-json\/wp\/v2\/types\/product"}],"replies":[{"embeddable":true,"href":"https:\/\/dazniokeitiklis.lt\/en\/wp-json\/wp\/v2\/comments?post=6318"}],"wp:featuredmedia":[{"embeddable":true,"href":"https:\/\/dazniokeitiklis.lt\/en\/wp-json\/wp\/v2\/media\/6063"}],"wp:attachment":[{"href":"https:\/\/dazniokeitiklis.lt\/en\/wp-json\/wp\/v2\/media?parent=6318"}],"wp:term":[{"taxonomy":"product_cat","embeddable":true,"href":"https:\/\/dazniokeitiklis.lt\/en\/wp-json\/wp\/v2\/product_cat?post=6318"},{"taxonomy":"product_tag","embeddable":true,"href":"https:\/\/dazniokeitiklis.lt\/en\/wp-json\/wp\/v2\/product_tag?post=6318"}],"curies":[{"name":"wp","href":"https:\/\/api.w.org\/{rel}","templated":true}]}}