{"id":6178,"date":"2016-03-09T06:02:55","date_gmt":"2016-03-09T06:02:55","guid":{"rendered":"https:\/\/dazniokeitiklis.lt\/kontaktai\/"},"modified":"2022-08-12T08:23:05","modified_gmt":"2022-08-12T08:23:05","slug":"contacts","status":"publish","type":"page","link":"https:\/\/dazniokeitiklis.lt\/en\/contacts\/","title":{"rendered":"Contacts"},"content":{"rendered":"<p>[vc_row css=&#8221;.vc_custom_1641907371160{margin-top: 50px !important;}&#8221;][vc_column width=&#8221;1\/2&#8243; el_class=&#8221;contact-form&#8221;][vc_column_text]<\/p>\n<h2 class=\"contact-page-title\"><strong> Contact information and technical advice: <\/strong><\/h2>\n<address>\n<p style=\"font-weight: 400;\"><strong> <span style=\"font-style: inherit; font-weight: inherit;\"> UAB SIMEKSA <\/span> <\/strong><\/p>\n<p style=\"font-weight: 400;\"><span style=\"font-style: inherit; font-weight: inherit;\"> Pr\u016bs\u0173 g. 10, Vilnius, Lithuania LT-02154 <\/span><\/p>\n<p style=\"font-weight: 400;\"><span style=\"font-style: inherit; font-weight: inherit;\"> Business Code 302317415 <\/span><\/p>\n<p style=\"font-weight: 400;\"><span style=\"font-style: inherit; font-weight: inherit;\"> VAT Code LT100004620411 <\/span><\/p>\n<p style=\"font-weight: 400;\"><span style=\"font-style: inherit; font-weight: inherit;\"> A \/ s LT77 7300 0101 1439 8045 <\/span><\/p>\n<p style=\"font-weight: 400;\"><span style=\"font-style: inherit; font-weight: inherit;\"> Bank AB Swedbank <\/span><\/p>\n<p style=\"font-weight: 400;\"><span style=\"font-style: inherit; font-weight: inherit;\">Phone: <a href=\"tel:+370 660 44500\">+370 660 44500<\/a><\/span><\/p>\n<p style=\"font-weight: 400;\"><span style=\"font-style: inherit; font-weight: inherit;\">Email: <a style=\"font-style: inherit; font-weight: inherit;\" href=\"mailto: info@simeksa.lt\"> info@simeksa.lt <\/a> <\/span><\/p>\n<\/address>\n<h3><strong> Hours <\/strong><\/h3>\n<ul class=\"list-unstyled operation-hours inner-right-md\">\n<li class=\"clearfix\"><span class=\"day\"> Monday &#8211; Friday: 8:00 AM <\/span> <span class=\"pull-right flip hours\"> &#8211; 17:00 PM <\/span> &lt; \/ li&gt;<\/li>\n<li class=\"clearfix\"><span class=\"day\"> Saturday &#8211; Sunday: Closed <\/span><\/li>\n<\/ul>\n<p>[\/vc_column_text][\/vc_column][vc_column width=&#8221;1\/2&#8243; el_class=&#8221;store-info&#8221; css=&#8221;.vc_custom_1641905139501{padding: 15px !important;}&#8221;]<div class=\"wpforms-container wpforms-container-full\" id=\"wpforms-5345\"><form id=\"wpforms-form-5345\" class=\"wpforms-validate wpforms-form\" data-formid=\"5345\" method=\"post\" enctype=\"multipart\/form-data\" action=\"\/en\/wp-json\/wp\/v2\/pages\/6178\" data-token=\"bff9420b4f29cdc69819bd1ec54d466c\"><noscript class=\"wpforms-error-noscript\">Please enable JavaScript in your browser to complete this form.<\/noscript><div class=\"wpforms-field-container\"><div id=\"wpforms-5345-field_0-container\" class=\"wpforms-field wpforms-field-name wpforms-one-half wpforms-first\" data-field-id=\"0\"><label class=\"wpforms-field-label\" for=\"wpforms-5345-field_0\">Vardas<\/label><input type=\"text\" id=\"wpforms-5345-field_0\" class=\"wpforms-field-large\" name=\"wpforms[fields][0]\" ><\/div><div id=\"wpforms-5345-field_3-container\" class=\"wpforms-field wpforms-field-text wpforms-one-half\" data-field-id=\"3\"><label class=\"wpforms-field-label\" for=\"wpforms-5345-field_3\">Tema<\/label><input type=\"text\" id=\"wpforms-5345-field_3\" class=\"wpforms-field-large\" name=\"wpforms[fields][3]\" ><\/div><div id=\"wpforms-5345-field_1-container\" class=\"wpforms-field wpforms-field-email\" data-field-id=\"1\"><label class=\"wpforms-field-label\" for=\"wpforms-5345-field_1\">El. pa\u0161tas <span class=\"wpforms-required-label\">*<\/span><\/label><input type=\"email\" id=\"wpforms-5345-field_1\" class=\"wpforms-field-large wpforms-field-required\" name=\"wpforms[fields][1]\" placeholder=\"\u012eveskite savo el. pa\u0161to adres\u0105\" required><\/div><div id=\"wpforms-5345-field_2-container\" class=\"wpforms-field wpforms-field-textarea\" data-field-id=\"2\"><label class=\"wpforms-field-label\" for=\"wpforms-5345-field_2\">\u017dinut\u0117 <span class=\"wpforms-required-label\">*<\/span><\/label><textarea id=\"wpforms-5345-field_2\" class=\"wpforms-field-large wpforms-field-required\" name=\"wpforms[fields][2]\" required><\/textarea><\/div><\/div><div class=\"wpforms-field wpforms-field-hp\"><label for=\"wpforms-5345-field-hp\" class=\"wpforms-field-label\">Phone<\/label><input type=\"text\" name=\"wpforms[hp]\" id=\"wpforms-5345-field-hp\" class=\"wpforms-field-medium\"><\/div><div class=\"wpforms-recaptcha-container wpforms-is-recaptcha\"><div class=\"g-recaptcha\" data-sitekey=\"6LeiB28eAAAAAAJi7O2HJ-nfoMfDnzOMhsHDax5w\"><\/div><input type=\"text\" name=\"g-recaptcha-hidden\" class=\"wpforms-recaptcha-hidden\" style=\"position:absolute!important;clip:rect(0,0,0,0)!important;height:1px!important;width:1px!important;border:0!important;overflow:hidden!important;padding:0!important;margin:0!important;\" required><\/div><div class=\"wpforms-submit-container\"><input type=\"hidden\" name=\"wpforms[id]\" value=\"5345\"><input type=\"hidden\" name=\"wpforms[author]\" value=\"1\"><button type=\"submit\" name=\"wpforms[submit]\" id=\"wpforms-submit-5345\" class=\"wpforms-submit\" data-alt-text=\"Si\u0173n\u010dia...\" data-submit-text=\"Si\u0173sti\" aria-live=\"assertive\" value=\"wpforms-submit\">Si\u0173sti<\/button><\/div><\/form><\/div>  <!-- .wpforms-container -->[\/vc_column][\/vc_row][vc_row full_width=&#8221;stretch_row_content_no_spaces&#8221; css=&#8221;.vc_custom_1641905017157{margin-top: 0px !important;}&#8221;][vc_column][vc_gmaps link=&#8221;#E-8_JTNDaWZyYW1lJTIwc3JjJTNEJTIyaHR0cHMlM0ElMkYlMkZ3d3cuZ29vZ2xlLmNvbSUyRm1hcHMlMkZlbWJlZCUzRnBiJTNEJTIxMW0xNCUyMTFtOCUyMTFtMyUyMTFkOTIzMC4yMzk1OTM1ODMzMDMlMjEyZDI1LjI2ODEzNTclMjEzZDU0LjY2NDU3MjglMjEzbTIlMjExaTEwMjQlMjEyaTc2OCUyMTRmMTMuMSUyMTNtMyUyMTFtMiUyMTFzMHgwJTI1M0EweDJmYjc1Y2E5NTQyNjdiYmQlMjEyc1VBQiUyNTIwU0lNRUtTQSUyMTVlMCUyMTNtMiUyMTFzZW4lMjEyc2x0JTIxNHYxNjQxOTA1MDU5NjEwJTIxNW0yJTIxMXNlbiUyMTJzbHQlMjIlMjB3aWR0aCUzRCUyMjYwMCUyMiUyMGhlaWdodCUzRCUyMjUxNCUyMiUyMHN0eWxlJTNEJTIyYm9yZGVyJTNBMCUzQiUyMiUyMGFsbG93ZnVsbHNjcmVlbiUzRCUyMiUyMiUyMGxvYWRpbmclM0QlMjJsYXp5JTIyJTNFJTNDJTJGaWZyYW1lJTNF&#8221; css=&#8221;.vc_custom_1641905082967{padding-top: 0px !important;padding-right: 0px !important;padding-bottom: 0px !important;padding-left: 0px !important;}&#8221;][\/vc_column][\/vc_row]<\/p>\n","protected":false},"excerpt":{"rendered":"<p>[vc_row css=&#8221;.vc_custom_1641907371160{margin-top: 50px !important;}&#8221;][vc_column width=&#8221;1\/2&#8243; el_class=&#8221;contact-form&#8221;][vc_column_text] Contact information and technical advice: UAB SIMEKSA Pr\u016bs\u0173 g. 10, Vilnius, Lithuania LT-02154 Business Code 302317415 VAT Code LT100004620411 A \/ s LT77 7300<\/p>\n","protected":false},"author":1,"featured_media":0,"parent":0,"menu_order":0,"comment_status":"closed","ping_status":"closed","template":"","meta":[],"acf":[],"_links":{"self":[{"href":"https:\/\/dazniokeitiklis.lt\/en\/wp-json\/wp\/v2\/pages\/6178"}],"collection":[{"href":"https:\/\/dazniokeitiklis.lt\/en\/wp-json\/wp\/v2\/pages"}],"about":[{"href":"https:\/\/dazniokeitiklis.lt\/en\/wp-json\/wp\/v2\/types\/page"}],"author":[{"embeddable":true,"href":"https:\/\/dazniokeitiklis.lt\/en\/wp-json\/wp\/v2\/users\/1"}],"replies":[{"embeddable":true,"href":"https:\/\/dazniokeitiklis.lt\/en\/wp-json\/wp\/v2\/comments?post=6178"}],"version-history":[{"count":4,"href":"https:\/\/dazniokeitiklis.lt\/en\/wp-json\/wp\/v2\/pages\/6178\/revisions"}],"predecessor-version":[{"id":6741,"href":"https:\/\/dazniokeitiklis.lt\/en\/wp-json\/wp\/v2\/pages\/6178\/revisions\/6741"}],"wp:attachment":[{"href":"https:\/\/dazniokeitiklis.lt\/en\/wp-json\/wp\/v2\/media?parent=6178"}],"curies":[{"name":"wp","href":"https:\/\/api.w.org\/{rel}","templated":true}]}}